{"id":5092,"date":"2014-03-31T16:01:18","date_gmt":"2014-03-31T09:01:18","guid":{"rendered":"http:\/\/blog.flexispy.com\/welcome-2\/"},"modified":"2014-03-31T16:07:53","modified_gmt":"2014-03-31T09:07:53","slug":"welcome","status":"publish","type":"page","link":"https:\/\/blog.flexispy.com\/es\/welcome\/","title":{"rendered":"bienvenido"},"content":{"rendered":"<p>Bienvenidos al Blog FlexiSPY<\/p>\n<p><a class=\"zoom fancybox\" href=\"https:\/\/blog.flexispy.com\/wp-content\/uploads\/2013\/06\/cameras.jpg\"> < img class = \" alignnone wp -image- 363 \" alt = \" c\u00e1maras \" src = \" https:\/\/blog.flexispy.com\/wp-content\/uploads\/2013\/06\/cameras.jpg \" width = \" 661 \" height = \" 342 \" \/> < \/ a><\/p>\n<p>As\u00ed FlexiSPY lanz\u00f3 un blog . Pero \u00bfpor qu\u00e9 ahora? \u00bfY por qu\u00e9 , despu\u00e9s de ocho a\u00f1os en el negocio , es lo que parece que estamos saltando en el blog carro ?<\/p>\n<p>La verdad es que hemos estado muerde las u\u00f1as para &#8220;ir social\u00bb durante mucho tiempo &#8211; no somos t\u00edmidos , somos obstinados , y tenemos un mont\u00f3n de cosas interesantes que decir.<\/p>\n<p>Pero la verdad es que el negocio m\u00f3vil de monitoreo provoca reacciones fuertes , en gran parte negativa.<\/p>\n<p>Eso fue especialmente cierto cuando nos liberamos FlexiSPY hace casi una d\u00e9cada . Pero desde entonces, las actitudes han cambiado. Los l\u00edmites de la privacidad personal se han reducido &#8211; de vez en cuando por consentimiento , pero con mayor frecuencia por defecto.<\/p>\n<p>Es extra\u00f1o recordar que Facebook no exist\u00eda cuando empezamos FlexiSPY &#8211; pero ahora incluso los empleadores acechan empleados y nadie levanta una ceja.<\/p>\n<p>El punto de inflexi\u00f3n para nuestra decisi\u00f3n de abrirse al mundo fueron las revelaciones de gente como Julian Assange y Edward Snowden . En la actualidad existe una mayor conciencia de los programas como PRISM , el tribunal de la FISA , la vigilancia de la NSA, y videovigilancia en zonas p\u00fablicas <i> < \/ i > El elefante en la sala se ha revelado &#8211; . Que todos est\u00e1bamos siendo espiados sistem\u00e1ticamente , sin consentimiento, por el establecimiento.<\/p>\n<p>Pero lo m\u00e1s sorprendente de todo fue que el p\u00fablico estadounidense no parece a la mente todo lo que mucho ! Esta indiferencia hace que sea muy claro que el mundo ha cambiado en sus actitudes hacia el monitoreo . Si las encuestas son ciertas, y el 50 % del p\u00fablico en EE.UU. est\u00e1n dispuestos a aceptar la vigilancia secreta y una manta por el gobierno , la supervisi\u00f3n centrada y consensual ofrecido por <a title = \" The Worlds Most Powerful Spyphone \" href = \" http:\/ \/ www.flexispy.com\/ \"target =\" _blank \"> FlexiSPY < \/ a> ya no es la actividad controvertida que lo que sol\u00eda ser .<\/p>\n<p>Siempre hemos sido claros acerca de lo que hacemos y por qu\u00e9 : Los padres tienen la necesidad de vigilar a los ni\u00f1os , los empleadores son legalmente responsables por los empleados , y hay muchas culturas en las que se espera que las relaciones sexuales a ser exclusiva.<\/p>\n<p>Ayudamos a las personas a sentirse seguros en sus relaciones &#8211; o dejar que tomen medidas si no lo son.<\/p>\n<p>Este blog va a llevar a ideas sobre lo que somos como empresa , \u00bfpor qu\u00e9 hacemos lo que hacemos , as\u00ed como curiosidades relacionadas e historias que esperamos que encuentre interesante. Si hay algo que le gustar\u00eda que escribamos , nos encantar\u00eda saber de usted .<\/p>\n<h2> <b> < \/ b > < \/ h2 ><\/p>\n","protected":false},"excerpt":{"rendered":"<p>Bienvenidos al Blog FlexiSPY < img class = \" alignnone wp -image- 363 \" alt = \" c\u00e1maras \" src = \" https:\/\/blog.flexispy.com\/wp-content\/uploads\/2013\/06\/cameras.jpg \" width = \" 661 \" height = \" 342 \" \/> < \/ a> As\u00ed FlexiSPY lanz\u00f3 un blog . Pero \u00bfpor qu\u00e9 ahora? \u00bfY por qu\u00e9 , despu\u00e9s de ocho [&hellip;]<\/p>\n","protected":false},"author":21,"featured_media":0,"parent":0,"menu_order":0,"comment_status":"open","ping_status":"open","template":"","meta":{"footnotes":""},"class_list":["post-5092","page","type-page","status-publish","hentry"],"_links":{"self":[{"href":"https:\/\/blog.flexispy.com\/es\/wp-json\/wp\/v2\/pages\/5092","targetHints":{"allow":["GET"]}}],"collection":[{"href":"https:\/\/blog.flexispy.com\/es\/wp-json\/wp\/v2\/pages"}],"about":[{"href":"https:\/\/blog.flexispy.com\/es\/wp-json\/wp\/v2\/types\/page"}],"author":[{"embeddable":true,"href":"https:\/\/blog.flexispy.com\/es\/wp-json\/wp\/v2\/users\/21"}],"replies":[{"embeddable":true,"href":"https:\/\/blog.flexispy.com\/es\/wp-json\/wp\/v2\/comments?post=5092"}],"version-history":[{"count":0,"href":"https:\/\/blog.flexispy.com\/es\/wp-json\/wp\/v2\/pages\/5092\/revisions"}],"wp:attachment":[{"href":"https:\/\/blog.flexispy.com\/es\/wp-json\/wp\/v2\/media?parent=5092"}],"curies":[{"name":"wp","href":"https:\/\/api.w.org\/{rel}","templated":true}]}}